{"id":293,"date":"2020-10-19T10:25:52","date_gmt":"2020-10-19T10:25:52","guid":{"rendered":"https:\/\/demo2wpopal.b-cdn.net\/smartic\/?page_id=293"},"modified":"2025-01-03T16:33:31","modified_gmt":"2025-01-03T13:33:31","slug":"hakkimizda","status":"publish","type":"page","link":"https:\/\/airpoll.com.tr\/index.php\/hakkimizda\/","title":{"rendered":"Hakk\u0131m\u0131zda"},"content":{"rendered":"\t\t<div data-elementor-type=\"wp-page\" data-elementor-id=\"293\" class=\"elementor elementor-293\" data-elementor-post-type=\"page\">\n\t\t\t\t\t\t<div class=\"elementor-section elementor-top-section elementor-element elementor-element-5e55567 elementor-section-height-min-height elementor-section-stretched elementor-section-boxed elementor-section-height-default elementor-section-items-middle\" data-id=\"5e55567\" data-element_type=\"section\" data-e-type=\"section\" data-settings=\"{&quot;stretch_section&quot;:&quot;section-stretched&quot;,&quot;background_background&quot;:&quot;classic&quot;}\">\n\t\t\t\t\t\t<div class=\"elementor-container elementor-column-gap-no\">\n\t\t\t\t\t<div class=\"elementor-column elementor-col-100 elementor-top-column elementor-element elementor-element-96d0da1\" data-id=\"96d0da1\" data-element_type=\"column\" data-e-type=\"column\">\n\t\t\t<div class=\"elementor-widget-wrap elementor-element-populated\">\n\t\t\t\t\t\t<div class=\"elementor-element elementor-element-ad6fe00 elementor-widget elementor-widget-heading\" data-id=\"ad6fe00\" data-element_type=\"widget\" data-e-type=\"widget\" data-widget_type=\"heading.default\">\n\t\t\t\t<div class=\"elementor-widget-container\">\n\t\t\t\t\t<h3 class=\"elementor-heading-title elementor-size-default\">Panal\u0131 Dayan\u0131kl\u0131 T\u00fcketim Mall. San. ve Tic A.\u015e.<\/h3>\t\t\t\t<\/div>\n\t\t\t\t<\/div>\n\t\t\t\t<div class=\"elementor-element elementor-element-fc3331f elementor-widget elementor-widget-text-editor\" data-id=\"fc3331f\" data-element_type=\"widget\" data-e-type=\"widget\" data-widget_type=\"text-editor.default\">\n\t\t\t\t<div class=\"elementor-widget-container\">\n\t\t\t\t\t\t\t\t\t<div>Kurumsal<\/div>\t\t\t\t\t\t\t\t<\/div>\n\t\t\t\t<\/div>\n\t\t\t\t\t<\/div>\n\t\t<\/div>\n\t\t\t\t\t<\/div>\n\t\t<\/div>\n\t\t\t\t<div class=\"elementor-section elementor-top-section elementor-element elementor-element-9c3be39 elementor-section-stretched elementor-section-boxed elementor-section-height-default elementor-section-height-default\" data-id=\"9c3be39\" data-element_type=\"section\" data-e-type=\"section\" data-settings=\"{&quot;stretch_section&quot;:&quot;section-stretched&quot;}\">\n\t\t\t\t\t\t<div class=\"elementor-container elementor-column-gap-no\">\n\t\t\t\t\t<div class=\"elementor-column elementor-col-50 elementor-top-column elementor-element elementor-element-a8a5835\" data-id=\"a8a5835\" data-element_type=\"column\" data-e-type=\"column\">\n\t\t\t<div class=\"elementor-widget-wrap elementor-element-populated\">\n\t\t\t\t\t\t<div class=\"elementor-element elementor-element-25b0216 elementor-widget elementor-widget-image\" data-id=\"25b0216\" data-element_type=\"widget\" data-e-type=\"widget\" data-widget_type=\"image.default\">\n\t\t\t\t<div class=\"elementor-widget-container\">\n\t\t\t\t\t\t\t\t\t\t\t\t\t\t\t<img fetchpriority=\"high\" decoding=\"async\" width=\"670\" height=\"495\" src=\"https:\/\/airpoll.com.tr\/wp-content\/uploads\/2024\/12\/airpoll-panali-as-4.jpg\" class=\"attachment-full size-full wp-image-29672\" alt=\"\" \/>\t\t\t\t\t\t\t\t\t\t\t\t\t\t\t<\/div>\n\t\t\t\t<\/div>\n\t\t\t\t\t<\/div>\n\t\t<\/div>\n\t\t\t\t<div class=\"elementor-column elementor-col-50 elementor-top-column elementor-element elementor-element-3beda41\" data-id=\"3beda41\" data-element_type=\"column\" data-e-type=\"column\">\n\t\t\t<div class=\"elementor-widget-wrap elementor-element-populated\">\n\t\t\t\t\t\t<div class=\"elementor-element elementor-element-e69d668 elementor-widget elementor-widget-heading\" data-id=\"e69d668\" data-element_type=\"widget\" data-e-type=\"widget\" data-widget_type=\"heading.default\">\n\t\t\t\t<div class=\"elementor-widget-container\">\n\t\t\t\t\t<h2 class=\"elementor-heading-title elementor-size-default\">Firmam\u0131z Hakk\u0131nda<\/h2>\t\t\t\t<\/div>\n\t\t\t\t<\/div>\n\t\t<div class=\"elementor-element elementor-element-ee2db72 e-flex e-con-boxed e-con e-parent\" data-id=\"ee2db72\" data-element_type=\"container\" data-e-type=\"container\">\n\t\t\t\t\t<div class=\"e-con-inner\">\n\t\t\t\t\t<\/div>\n\t\t\t\t<\/div>\n\t\t\t\t<div class=\"elementor-element elementor-element-23be8d6 elementor-widget elementor-widget-text-editor\" data-id=\"23be8d6\" data-element_type=\"widget\" data-e-type=\"widget\" data-widget_type=\"text-editor.default\">\n\t\t\t\t<div class=\"elementor-widget-container\">\n\t\t\t\t\t\t\t\t\t<p>1999 y\u0131l\u0131nda kurulan firmam\u0131z, dayan\u0131kl\u0131 t\u00fcketim mallar\u0131 sekt\u00f6r\u00fcnde k\u00f6kl\u00fc bir ge\u00e7mi\u015fe sahiptir. Geni\u015f bir yelpazede beyaz e\u015fya, elektrikli ev aletleri ve elektronik \u00fcr\u00fcnler sunarak ba\u015flad\u0131\u011f\u0131m\u0131z dayan\u0131kl\u0131 t\u00fcketim mallar\u0131 sekt\u00f6r\u00fcndeki tecr\u00fcbemizi, &#8220;Airfel Klima Grubu Marmara B\u00f6lge Distrib\u00fct\u00f6r\u00fc&#8221; olarak s\u00fcrd\u00fcrmekteyiz.<\/p><p>Ya\u015fam alanlar\u0131n\u0131z\u0131 g\u00fczelle\u015ftirecek \u015f\u0131k ve kullan\u0131\u015fl\u0131 dekoratif \u00fcr\u00fcnler sundu\u011fumuz &#8220;Panal\u0131 Dekoratif&#8221; markam\u0131z\u0131n ard\u0131ndan son olarak gururla sundu\u011fumuz &#8220;Airpoll Mobil Fan&#8221;, \u015firketimizin yeni bir \u00fcr\u00fcn \u00e7e\u015fididir. <br \/>Hem s\u0131cak hem de so\u011fuk hava \u00fcretebilme \u00f6zelli\u011fi ile Airpoll, size d\u00f6rt mevsim boyunca evinizde veya ofisinizde ideal ortam\u0131 yaratman\u0131z\u0131 sa\u011flar. Hem \u00e7evre dostu hem de enerji tasarruflu olan bu \u00fcr\u00fcn\u00fcn, ayn\u0131 zamanda kullan\u0131m\u0131 da son derece kolayd\u0131r.<\/p><p>Artan \u00fcr\u00fcn \u00e7e\u015fitlerimizle m\u00fc\u015fterilerimizin ihtiya\u00e7lar\u0131 ve memnuniyetini konusunda g\u00fcvenilir ve tercih edilen bir firma olmay\u0131 s\u00fcrd\u00fcrmek istiyoruz. Sizleri de \u00fcr\u00fcnlerimizi ke\u015ffetmeye davet ediyoruz!<\/p>\t\t\t\t\t\t\t\t<\/div>\n\t\t\t\t<\/div>\n\t\t\t\t<div class=\"elementor-element elementor-element-1aa06e9 elementor-widget elementor-widget-image\" data-id=\"1aa06e9\" data-element_type=\"widget\" data-e-type=\"widget\" data-widget_type=\"image.default\">\n\t\t\t\t<div class=\"elementor-widget-container\">\n\t\t\t\t\t\t\t\t\t\t\t\t\t\t\t<img decoding=\"async\" width=\"80\" height=\"42\" src=\"https:\/\/airpoll.com.tr\/wp-content\/uploads\/2024\/12\/panali-logo_80px.jpg\" class=\"attachment-full size-full wp-image-29675\" alt=\"\" \/>\t\t\t\t\t\t\t\t\t\t\t\t\t\t\t<\/div>\n\t\t\t\t<\/div>\n\t\t\t\t<div class=\"elementor-element elementor-element-373135e elementor-widget elementor-widget-text-editor\" data-id=\"373135e\" data-element_type=\"widget\" data-e-type=\"widget\" data-widget_type=\"text-editor.default\">\n\t\t\t\t<div class=\"elementor-widget-container\">\n\t\t\t\t\t\t\t\t\t<p><em>Panal\u0131 Dayan\u0131kl\u0131 T\u00fcketim Mall. San. ve Tic A.\u015e.<\/em><\/p><p>\u00a0<\/p><p>\u00a0<\/p>\t\t\t\t\t\t\t\t<\/div>\n\t\t\t\t<\/div>\n\t\t\t\t\t<\/div>\n\t\t<\/div>\n\t\t\t\t\t<\/div>\n\t\t<\/div>\n\t\t\t\t<div class=\"elementor-section elementor-top-section elementor-element elementor-element-12d24d17 elementor-section-stretched elementor-section-boxed elementor-section-height-default elementor-section-height-default\" data-id=\"12d24d17\" data-element_type=\"section\" data-e-type=\"section\" data-settings=\"{&quot;stretch_section&quot;:&quot;section-stretched&quot;,&quot;background_background&quot;:&quot;classic&quot;}\">\n\t\t\t\t\t\t<div class=\"elementor-container elementor-column-gap-no\">\n\t\t\t\t\t<div class=\"elementor-column elementor-col-100 elementor-top-column elementor-element elementor-element-367d7c53\" data-id=\"367d7c53\" data-element_type=\"column\" data-e-type=\"column\">\n\t\t\t<div class=\"elementor-widget-wrap elementor-element-populated\">\n\t\t\t\t\t\t<div class=\"elementor-element elementor-element-452cf295 elementor-widget elementor-widget-heading\" data-id=\"452cf295\" data-element_type=\"widget\" data-e-type=\"widget\" data-widget_type=\"heading.default\">\n\t\t\t\t<div class=\"elementor-widget-container\">\n\t\t\t\t\t<h2 class=\"elementor-heading-title elementor-size-default\">Di\u011fer \u00fcr\u00fcn gruplar\u0131m\u0131z<\/h2>\t\t\t\t<\/div>\n\t\t\t\t<\/div>\n\t\t\t\t<div class=\"elementor-element elementor-element-63392b00 elementor-widget__width-initial elementor-widget elementor-widget-text-editor\" data-id=\"63392b00\" data-element_type=\"widget\" data-e-type=\"widget\" data-widget_type=\"text-editor.default\">\n\t\t\t\t<div class=\"elementor-widget-container\">\n\t\t\t\t\t\t\t\t\t<p>&#8230;&#8230;&#8230;&#8230;..<\/p>\t\t\t\t\t\t\t\t<\/div>\n\t\t\t\t<\/div>\n\t\t\t\t<div class=\"elementor-section elementor-inner-section elementor-element elementor-element-6f5b0aeb elementor-section-boxed elementor-section-height-default elementor-section-height-default\" data-id=\"6f5b0aeb\" data-element_type=\"section\" data-e-type=\"section\">\n\t\t\t\t\t\t<div class=\"elementor-container elementor-column-gap-no\">\n\t\t\t\t\t<div class=\"elementor-column elementor-col-33 elementor-inner-column elementor-element elementor-element-6e12c073\" data-id=\"6e12c073\" data-element_type=\"column\" data-e-type=\"column\">\n\t\t\t<div class=\"elementor-widget-wrap elementor-element-populated\">\n\t\t\t\t\t\t<div class=\"elementor-element elementor-element-2e170b1a elementor-widget elementor-widget-image\" data-id=\"2e170b1a\" data-element_type=\"widget\" data-e-type=\"widget\" data-widget_type=\"image.default\">\n\t\t\t\t<div class=\"elementor-widget-container\">\n\t\t\t\t\t\t\t\t\t\t\t\t\t\t\t<img decoding=\"async\" width=\"410\" height=\"250\" src=\"https:\/\/airpoll.com.tr\/wp-content\/uploads\/2024\/12\/toptan-perakende-beyaz-esya.jpg\" class=\"elementor-animation-float attachment-full size-full wp-image-29679\" alt=\"\" \/>\t\t\t\t\t\t\t\t\t\t\t\t\t\t\t<\/div>\n\t\t\t\t<\/div>\n\t\t\t\t<div class=\"elementor-element elementor-element-1d0ab399 elementor-widget elementor-widget-heading\" data-id=\"1d0ab399\" data-element_type=\"widget\" data-e-type=\"widget\" data-widget_type=\"heading.default\">\n\t\t\t\t<div class=\"elementor-widget-container\">\n\t\t\t\t\t<h3 class=\"elementor-heading-title elementor-size-default\">Toptan &amp; Perakende Beyaz E\u015fya, Ev Aletleri<\/h3>\t\t\t\t<\/div>\n\t\t\t\t<\/div>\n\t\t\t\t<div class=\"elementor-element elementor-element-56405902 elementor-widget elementor-widget-text-editor\" data-id=\"56405902\" data-element_type=\"widget\" data-e-type=\"widget\" data-widget_type=\"text-editor.default\">\n\t\t\t\t<div class=\"elementor-widget-container\">\n\t\t\t\t\t\t\t\t\t<p>Firmam\u0131z 1999 y\u0131l\u0131nda \u00e7ok say\u0131da markaya ait beyaz e\u015fya, elektrikli ev aletleri ve elektronik \u00fcr\u00fcnler sunan dayan\u0131kl\u0131 t\u00fcketim mallar\u0131 sekt\u00f6r\u00fcndeki toptan ve perakende \u00fcr\u00fcn tedari\u011fi ile faaliyetine ba\u015flad\u0131.<\/p>\t\t\t\t\t\t\t\t<\/div>\n\t\t\t\t<\/div>\n\t\t\t\t<div class=\"elementor-element elementor-element-129fbcd7 elementor-align-center elementor-widget elementor-widget-button\" data-id=\"129fbcd7\" data-element_type=\"widget\" data-e-type=\"widget\" data-widget_type=\"button.default\">\n\t\t\t\t<div class=\"elementor-widget-container\">\n\t\t\t\t\t\t\t\t\t<div class=\"elementor-button-wrapper\">\n\t\t\t\t\t<a class=\"elementor-button elementor-button-link elementor-size-sm\" href=\"https:\/\/www.beyazgo.com\/\" target=\"_blank\">\n\t\t\t\t\t\t<span class=\"elementor-button-content-wrapper\">\n\t\t\t\t\t\t\t\t\t<span class=\"elementor-button-text\">\u0130ncele<\/span>\n\t\t\t\t\t<\/span>\n\t\t\t\t\t<\/a>\n\t\t\t\t<\/div>\n\t\t\t\t\t\t\t\t<\/div>\n\t\t\t\t<\/div>\n\t\t\t\t\t<\/div>\n\t\t<\/div>\n\t\t\t\t<div class=\"elementor-column elementor-col-33 elementor-inner-column elementor-element elementor-element-2b4f10ac\" data-id=\"2b4f10ac\" data-element_type=\"column\" data-e-type=\"column\">\n\t\t\t<div class=\"elementor-widget-wrap elementor-element-populated\">\n\t\t\t\t\t\t<div class=\"elementor-element elementor-element-16a23c19 elementor-widget elementor-widget-image\" data-id=\"16a23c19\" data-element_type=\"widget\" data-e-type=\"widget\" data-widget_type=\"image.default\">\n\t\t\t\t<div class=\"elementor-widget-container\">\n\t\t\t\t\t\t\t\t\t\t\t\t\t\t\t<img loading=\"lazy\" decoding=\"async\" width=\"410\" height=\"250\" src=\"https:\/\/airpoll.com.tr\/wp-content\/uploads\/2024\/12\/panali-dekoratif-urunler-4.jpg\" class=\"elementor-animation-float attachment-full size-full wp-image-29680\" alt=\"\" \/>\t\t\t\t\t\t\t\t\t\t\t\t\t\t\t<\/div>\n\t\t\t\t<\/div>\n\t\t\t\t<div class=\"elementor-element elementor-element-20856432 elementor-widget elementor-widget-heading\" data-id=\"20856432\" data-element_type=\"widget\" data-e-type=\"widget\" data-widget_type=\"heading.default\">\n\t\t\t\t<div class=\"elementor-widget-container\">\n\t\t\t\t\t<h3 class=\"elementor-heading-title elementor-size-default\">Panal\u0131 Dekoratif \u00dcr\u00fcnler<\/h3>\t\t\t\t<\/div>\n\t\t\t\t<\/div>\n\t\t\t\t<div class=\"elementor-element elementor-element-fdf3238 elementor-widget elementor-widget-text-editor\" data-id=\"fdf3238\" data-element_type=\"widget\" data-e-type=\"widget\" data-widget_type=\"text-editor.default\">\n\t\t\t\t<div class=\"elementor-widget-container\">\n\t\t\t\t\t\t\t\t\t<p>\u0130thalat\u0131n\u0131 yaparak toptan \u00fcr\u00fcn tedari\u011fi sa\u011flad\u0131\u011f\u0131m\u0131z ev-bah\u00e7e dekorasyon \u00fcr\u00fcnlerine ait Panal\u0131 Dekoratif \u00dcr\u00fcnler markam\u0131z\u0131 2013 y\u0131l\u0131nda b\u00fcnyemize katt\u0131k.<\/p><p>El yap\u0131m\u0131, do\u011fal bambu ve has\u0131r sepetler, ferforje \u00fcr\u00fcnler, dekoratif tasar\u0131m \u00fcr\u00fcnleri.<\/p>\t\t\t\t\t\t\t\t<\/div>\n\t\t\t\t<\/div>\n\t\t\t\t<div class=\"elementor-element elementor-element-eec3c49 elementor-align-center elementor-widget elementor-widget-button\" data-id=\"eec3c49\" data-element_type=\"widget\" data-e-type=\"widget\" data-widget_type=\"button.default\">\n\t\t\t\t<div class=\"elementor-widget-container\">\n\t\t\t\t\t\t\t\t\t<div class=\"elementor-button-wrapper\">\n\t\t\t\t\t<a class=\"elementor-button elementor-button-link elementor-size-sm\" href=\"https:\/\/www.panalidekoratif.com\/\" target=\"_blank\">\n\t\t\t\t\t\t<span class=\"elementor-button-content-wrapper\">\n\t\t\t\t\t\t\t\t\t<span class=\"elementor-button-text\">\u0130ncele<\/span>\n\t\t\t\t\t<\/span>\n\t\t\t\t\t<\/a>\n\t\t\t\t<\/div>\n\t\t\t\t\t\t\t\t<\/div>\n\t\t\t\t<\/div>\n\t\t\t\t\t<\/div>\n\t\t<\/div>\n\t\t\t\t<div class=\"elementor-column elementor-col-33 elementor-inner-column elementor-element elementor-element-143ce0bc\" data-id=\"143ce0bc\" data-element_type=\"column\" data-e-type=\"column\">\n\t\t\t<div class=\"elementor-widget-wrap elementor-element-populated\">\n\t\t\t\t\t\t<div class=\"elementor-element elementor-element-7c725333 elementor-widget elementor-widget-image\" data-id=\"7c725333\" data-element_type=\"widget\" data-e-type=\"widget\" data-widget_type=\"image.default\">\n\t\t\t\t<div class=\"elementor-widget-container\">\n\t\t\t\t\t\t\t\t\t\t\t\t\t\t\t<img loading=\"lazy\" decoding=\"async\" width=\"410\" height=\"250\" src=\"https:\/\/airpoll.com.tr\/wp-content\/uploads\/2024\/12\/airfel-klima-distributoru-panali.png\" class=\"elementor-animation-float attachment-full size-full wp-image-29682\" alt=\"\" \/>\t\t\t\t\t\t\t\t\t\t\t\t\t\t\t<\/div>\n\t\t\t\t<\/div>\n\t\t\t\t<div class=\"elementor-element elementor-element-3889ffd9 elementor-widget elementor-widget-heading\" data-id=\"3889ffd9\" data-element_type=\"widget\" data-e-type=\"widget\" data-widget_type=\"heading.default\">\n\t\t\t\t<div class=\"elementor-widget-container\">\n\t\t\t\t\t<h3 class=\"elementor-heading-title elementor-size-default\">Panal\u0131 - Airfel Klima Marmara B\u00f6lge Distrib\u00fct\u00f6r\u00fc<\/h3>\t\t\t\t<\/div>\n\t\t\t\t<\/div>\n\t\t\t\t<div class=\"elementor-element elementor-element-6b532e92 elementor-widget elementor-widget-text-editor\" data-id=\"6b532e92\" data-element_type=\"widget\" data-e-type=\"widget\" data-widget_type=\"text-editor.default\">\n\t\t\t\t<div class=\"elementor-widget-container\">\n\t\t\t\t\t\t\t\t\t<p>2016 y\u0131l\u0131ndan bug\u00fcne T\u00fcrkiye \u0130klimlendirme sekt\u00f6r\u00fcn\u00fcn en \u00f6nemli isimlerinden olan Airfel klima \u00fcr\u00fcnlerinde \u201cMarmara B\u00f6lge Distrib\u00fct\u00f6r\u00fc\u201d olarak hizmet veriyoruz.<\/p>\t\t\t\t\t\t\t\t<\/div>\n\t\t\t\t<\/div>\n\t\t\t\t<div class=\"elementor-element elementor-element-4952662b elementor-align-center elementor-widget elementor-widget-button\" data-id=\"4952662b\" data-element_type=\"widget\" data-e-type=\"widget\" data-widget_type=\"button.default\">\n\t\t\t\t<div class=\"elementor-widget-container\">\n\t\t\t\t\t\t\t\t\t<div class=\"elementor-button-wrapper\">\n\t\t\t\t\t<a class=\"elementor-button elementor-button-link elementor-size-sm\" href=\"https:\/\/www.panali.com.tr\/\" target=\"_blank\">\n\t\t\t\t\t\t<span class=\"elementor-button-content-wrapper\">\n\t\t\t\t\t\t\t\t\t<span class=\"elementor-button-text\">\u0130ncele<\/span>\n\t\t\t\t\t<\/span>\n\t\t\t\t\t<\/a>\n\t\t\t\t<\/div>\n\t\t\t\t\t\t\t\t<\/div>\n\t\t\t\t<\/div>\n\t\t\t\t\t<\/div>\n\t\t<\/div>\n\t\t\t\t\t<\/div>\n\t\t<\/div>\n\t\t\t\t\t<\/div>\n\t\t<\/div>\n\t\t\t\t\t<\/div>\n\t\t<\/div>\n\t\t\t\t<\/div>\n\t\t","protected":false},"excerpt":{"rendered":"<p>Panal\u0131 Dayan\u0131kl\u0131 T\u00fcketim Mall. San. ve Tic A.\u015e. Kurumsal Firmam\u0131z Hakk\u0131nda 1999 y\u0131l\u0131nda kurulan firmam\u0131z, dayan\u0131kl\u0131 t\u00fcketim mallar\u0131 sekt\u00f6r\u00fcnde k\u00f6kl\u00fc bir ge\u00e7mi\u015fe sahiptir. Geni\u015f bir yelpazede beyaz e\u015fya, elektrikli ev aletleri ve elektronik \u00fcr\u00fcnler sunarak ba\u015flad\u0131\u011f\u0131m\u0131z dayan\u0131kl\u0131 t\u00fcketim mallar\u0131 sekt\u00f6r\u00fcndeki tecr\u00fcbemizi, &#8220;Airfel Klima Grubu Marmara B\u00f6lge Distrib\u00fct\u00f6r\u00fc&#8221; olarak s\u00fcrd\u00fcrmekteyiz. Ya\u015fam alanlar\u0131n\u0131z\u0131 g\u00fczelle\u015ftirecek \u015f\u0131k ve kullan\u0131\u015fl\u0131 [&hellip;]<\/p>\n","protected":false},"author":1,"featured_media":0,"parent":0,"menu_order":0,"comment_status":"closed","ping_status":"closed","template":"","meta":{"footnotes":""},"class_list":["post-293","page","type-page","status-publish","hentry"],"_links":{"self":[{"href":"https:\/\/airpoll.com.tr\/index.php\/wp-json\/wp\/v2\/pages\/293","targetHints":{"allow":["GET"]}}],"collection":[{"href":"https:\/\/airpoll.com.tr\/index.php\/wp-json\/wp\/v2\/pages"}],"about":[{"href":"https:\/\/airpoll.com.tr\/index.php\/wp-json\/wp\/v2\/types\/page"}],"author":[{"embeddable":true,"href":"https:\/\/airpoll.com.tr\/index.php\/wp-json\/wp\/v2\/users\/1"}],"replies":[{"embeddable":true,"href":"https:\/\/airpoll.com.tr\/index.php\/wp-json\/wp\/v2\/comments?post=293"}],"version-history":[{"count":33,"href":"https:\/\/airpoll.com.tr\/index.php\/wp-json\/wp\/v2\/pages\/293\/revisions"}],"predecessor-version":[{"id":30577,"href":"https:\/\/airpoll.com.tr\/index.php\/wp-json\/wp\/v2\/pages\/293\/revisions\/30577"}],"wp:attachment":[{"href":"https:\/\/airpoll.com.tr\/index.php\/wp-json\/wp\/v2\/media?parent=293"}],"curies":[{"name":"wp","href":"https:\/\/api.w.org\/{rel}","templated":true}]}}